{"id":1136,"date":"2025-12-17T11:32:10","date_gmt":"2025-12-17T11:32:10","guid":{"rendered":"https:\/\/grassocereali.com\/prodotto\/sin%20categor\u00eda\/fioccato-di-fave-granoturco-ed-orzo\/"},"modified":"2026-02-17T14:08:40","modified_gmt":"2026-02-17T14:08:40","slug":"copos-de-habas-maiz-y-cebada","status":"publish","type":"product","link":"https:\/\/grassocereali.com\/es\/prodotti\/subproductos-de-procesamiento\/copos-de-habas-maiz-y-cebada\/","title":{"rendered":"Copos de habas, ma\u00edz y cebada"},"content":{"rendered":"","protected":false},"excerpt":{"rendered":"<p>Mezcla en copos de alta biodisponibilidad, que combina energ\u00eda y prote\u00ednas vegetales. Ideal para mejorar la digestibilidad y el rendimiento del alimento.<\/p>\n","protected":false},"featured_media":1137,"template":"","meta":{"inline_featured_image":false},"product_brand":[],"product_cat":[47],"product_tag":[],"class_list":{"0":"post-1136","1":"product","2":"type-product","3":"status-publish","4":"has-post-thumbnail","6":"product_cat-subproductos-de-procesamiento","8":"first","9":"outofstock","10":"shipping-taxable","11":"product-type-variable"},"yoast_head":"<!-- This site is optimized with the Yoast SEO plugin v27.4 - https:\/\/yoast.com\/product\/yoast-seo-wordpress\/ -->\n<title>Copos de habas, ma\u00edz y cebada - Grasso Cereali<\/title>\n<meta name=\"robots\" content=\"index, follow, max-snippet:-1, max-image-preview:large, max-video-preview:-1\" \/>\n<link rel=\"canonical\" href=\"https:\/\/grassocereali.com\/es\/prodotti\/subproductos-de-procesamiento\/copos-de-habas-maiz-y-cebada\/\" \/>\n<meta property=\"og:locale\" content=\"es_ES\" \/>\n<meta property=\"og:type\" content=\"article\" \/>\n<meta property=\"og:title\" content=\"Copos de habas, ma\u00edz y cebada - Grasso Cereali\" \/>\n<meta property=\"og:description\" content=\"Mezcla en copos de alta biodisponibilidad, que combina energ\u00eda y prote\u00ednas vegetales. Ideal para mejorar la digestibilidad y el rendimiento del alimento.\" \/>\n<meta property=\"og:url\" content=\"https:\/\/grassocereali.com\/es\/prodotti\/subproductos-de-procesamiento\/copos-de-habas-maiz-y-cebada\/\" \/>\n<meta property=\"og:site_name\" content=\"Grasso Cereali\" \/>\n<meta property=\"article:modified_time\" content=\"2026-02-17T14:08:40+00:00\" \/>\n<meta property=\"og:image\" content=\"https:\/\/grassocereali.com\/wp-content\/uploads\/2025\/10\/fioccato-di-fave-granoturco-orzo-.jpeg\" \/>\n\t<meta property=\"og:image:width\" content=\"640\" \/>\n\t<meta property=\"og:image:height\" content=\"640\" \/>\n\t<meta property=\"og:image:type\" content=\"image\/jpeg\" \/>\n<meta name=\"twitter:card\" content=\"summary_large_image\" \/>\n<script type=\"application\/ld+json\" class=\"yoast-schema-graph\">{\"@context\":\"https:\\\/\\\/schema.org\",\"@graph\":[{\"@type\":\"WebPage\",\"@id\":\"https:\\\/\\\/grassocereali.com\\\/es\\\/prodotti\\\/subproductos-de-procesamiento\\\/copos-de-habas-maiz-y-cebada\\\/\",\"url\":\"https:\\\/\\\/grassocereali.com\\\/es\\\/prodotti\\\/subproductos-de-procesamiento\\\/copos-de-habas-maiz-y-cebada\\\/\",\"name\":\"Copos de habas, ma\u00edz y cebada - Grasso Cereali\",\"isPartOf\":{\"@id\":\"https:\\\/\\\/grassocereali.com\\\/#website\"},\"primaryImageOfPage\":{\"@id\":\"https:\\\/\\\/grassocereali.com\\\/es\\\/prodotti\\\/subproductos-de-procesamiento\\\/copos-de-habas-maiz-y-cebada\\\/#primaryimage\"},\"image\":{\"@id\":\"https:\\\/\\\/grassocereali.com\\\/es\\\/prodotti\\\/subproductos-de-procesamiento\\\/copos-de-habas-maiz-y-cebada\\\/#primaryimage\"},\"thumbnailUrl\":\"https:\\\/\\\/grassocereali.com\\\/wp-content\\\/uploads\\\/2025\\\/10\\\/fioccato-di-fave-granoturco-orzo-.jpeg\",\"datePublished\":\"2025-12-17T11:32:10+00:00\",\"dateModified\":\"2026-02-17T14:08:40+00:00\",\"breadcrumb\":{\"@id\":\"https:\\\/\\\/grassocereali.com\\\/es\\\/prodotti\\\/subproductos-de-procesamiento\\\/copos-de-habas-maiz-y-cebada\\\/#breadcrumb\"},\"inLanguage\":\"es\",\"potentialAction\":[{\"@type\":\"ReadAction\",\"target\":[\"https:\\\/\\\/grassocereali.com\\\/es\\\/prodotti\\\/subproductos-de-procesamiento\\\/copos-de-habas-maiz-y-cebada\\\/\"]}]},{\"@type\":\"ImageObject\",\"inLanguage\":\"es\",\"@id\":\"https:\\\/\\\/grassocereali.com\\\/es\\\/prodotti\\\/subproductos-de-procesamiento\\\/copos-de-habas-maiz-y-cebada\\\/#primaryimage\",\"url\":\"https:\\\/\\\/grassocereali.com\\\/wp-content\\\/uploads\\\/2025\\\/10\\\/fioccato-di-fave-granoturco-orzo-.jpeg\",\"contentUrl\":\"https:\\\/\\\/grassocereali.com\\\/wp-content\\\/uploads\\\/2025\\\/10\\\/fioccato-di-fave-granoturco-orzo-.jpeg\",\"width\":640,\"height\":640},{\"@type\":\"BreadcrumbList\",\"@id\":\"https:\\\/\\\/grassocereali.com\\\/es\\\/prodotti\\\/subproductos-de-procesamiento\\\/copos-de-habas-maiz-y-cebada\\\/#breadcrumb\",\"itemListElement\":[{\"@type\":\"ListItem\",\"position\":1,\"name\":\"Home\",\"item\":\"https:\\\/\\\/grassocereali.com\\\/es\\\/\"},{\"@type\":\"ListItem\",\"position\":2,\"name\":\"Prodotti\",\"item\":\"https:\\\/\\\/grassocereali.com\\\/prodotti\\\/\"},{\"@type\":\"ListItem\",\"position\":3,\"name\":\"Copos de habas, ma\u00edz y cebada\"}]},{\"@type\":\"WebSite\",\"@id\":\"https:\\\/\\\/grassocereali.com\\\/#website\",\"url\":\"https:\\\/\\\/grassocereali.com\\\/\",\"name\":\"Grasso Cereali\",\"description\":\"Dal 1932 materie prime di qualit\u00e0\",\"potentialAction\":[{\"@type\":\"SearchAction\",\"target\":{\"@type\":\"EntryPoint\",\"urlTemplate\":\"https:\\\/\\\/grassocereali.com\\\/?s={search_term_string}\"},\"query-input\":{\"@type\":\"PropertyValueSpecification\",\"valueRequired\":true,\"valueName\":\"search_term_string\"}}],\"inLanguage\":\"es\"}]}<\/script>\n<!-- \/ Yoast SEO plugin. -->","yoast_head_json":{"title":"Copos de habas, ma\u00edz y cebada - Grasso Cereali","robots":{"index":"index","follow":"follow","max-snippet":"max-snippet:-1","max-image-preview":"max-image-preview:large","max-video-preview":"max-video-preview:-1"},"canonical":"https:\/\/grassocereali.com\/es\/prodotti\/subproductos-de-procesamiento\/copos-de-habas-maiz-y-cebada\/","og_locale":"es_ES","og_type":"article","og_title":"Copos de habas, ma\u00edz y cebada - Grasso Cereali","og_description":"Mezcla en copos de alta biodisponibilidad, que combina energ\u00eda y prote\u00ednas vegetales. Ideal para mejorar la digestibilidad y el rendimiento del alimento.","og_url":"https:\/\/grassocereali.com\/es\/prodotti\/subproductos-de-procesamiento\/copos-de-habas-maiz-y-cebada\/","og_site_name":"Grasso Cereali","article_modified_time":"2026-02-17T14:08:40+00:00","og_image":[{"width":640,"height":640,"url":"https:\/\/grassocereali.com\/wp-content\/uploads\/2025\/10\/fioccato-di-fave-granoturco-orzo-.jpeg","type":"image\/jpeg"}],"twitter_card":"summary_large_image","schema":{"@context":"https:\/\/schema.org","@graph":[{"@type":"WebPage","@id":"https:\/\/grassocereali.com\/es\/prodotti\/subproductos-de-procesamiento\/copos-de-habas-maiz-y-cebada\/","url":"https:\/\/grassocereali.com\/es\/prodotti\/subproductos-de-procesamiento\/copos-de-habas-maiz-y-cebada\/","name":"Copos de habas, ma\u00edz y cebada - Grasso Cereali","isPartOf":{"@id":"https:\/\/grassocereali.com\/#website"},"primaryImageOfPage":{"@id":"https:\/\/grassocereali.com\/es\/prodotti\/subproductos-de-procesamiento\/copos-de-habas-maiz-y-cebada\/#primaryimage"},"image":{"@id":"https:\/\/grassocereali.com\/es\/prodotti\/subproductos-de-procesamiento\/copos-de-habas-maiz-y-cebada\/#primaryimage"},"thumbnailUrl":"https:\/\/grassocereali.com\/wp-content\/uploads\/2025\/10\/fioccato-di-fave-granoturco-orzo-.jpeg","datePublished":"2025-12-17T11:32:10+00:00","dateModified":"2026-02-17T14:08:40+00:00","breadcrumb":{"@id":"https:\/\/grassocereali.com\/es\/prodotti\/subproductos-de-procesamiento\/copos-de-habas-maiz-y-cebada\/#breadcrumb"},"inLanguage":"es","potentialAction":[{"@type":"ReadAction","target":["https:\/\/grassocereali.com\/es\/prodotti\/subproductos-de-procesamiento\/copos-de-habas-maiz-y-cebada\/"]}]},{"@type":"ImageObject","inLanguage":"es","@id":"https:\/\/grassocereali.com\/es\/prodotti\/subproductos-de-procesamiento\/copos-de-habas-maiz-y-cebada\/#primaryimage","url":"https:\/\/grassocereali.com\/wp-content\/uploads\/2025\/10\/fioccato-di-fave-granoturco-orzo-.jpeg","contentUrl":"https:\/\/grassocereali.com\/wp-content\/uploads\/2025\/10\/fioccato-di-fave-granoturco-orzo-.jpeg","width":640,"height":640},{"@type":"BreadcrumbList","@id":"https:\/\/grassocereali.com\/es\/prodotti\/subproductos-de-procesamiento\/copos-de-habas-maiz-y-cebada\/#breadcrumb","itemListElement":[{"@type":"ListItem","position":1,"name":"Home","item":"https:\/\/grassocereali.com\/es\/"},{"@type":"ListItem","position":2,"name":"Prodotti","item":"https:\/\/grassocereali.com\/prodotti\/"},{"@type":"ListItem","position":3,"name":"Copos de habas, ma\u00edz y cebada"}]},{"@type":"WebSite","@id":"https:\/\/grassocereali.com\/#website","url":"https:\/\/grassocereali.com\/","name":"Grasso Cereali","description":"Dal 1932 materie prime di qualit\u00e0","potentialAction":[{"@type":"SearchAction","target":{"@type":"EntryPoint","urlTemplate":"https:\/\/grassocereali.com\/?s={search_term_string}"},"query-input":{"@type":"PropertyValueSpecification","valueRequired":true,"valueName":"search_term_string"}}],"inLanguage":"es"}]}},"_links":{"self":[{"href":"https:\/\/grassocereali.com\/es\/wp-json\/wp\/v2\/product\/1136","targetHints":{"allow":["GET"]}}],"collection":[{"href":"https:\/\/grassocereali.com\/es\/wp-json\/wp\/v2\/product"}],"about":[{"href":"https:\/\/grassocereali.com\/es\/wp-json\/wp\/v2\/types\/product"}],"wp:featuredmedia":[{"embeddable":true,"href":"https:\/\/grassocereali.com\/es\/wp-json\/wp\/v2\/media\/1137"}],"wp:attachment":[{"href":"https:\/\/grassocereali.com\/es\/wp-json\/wp\/v2\/media?parent=1136"}],"wp:term":[{"taxonomy":"product_brand","embeddable":true,"href":"https:\/\/grassocereali.com\/es\/wp-json\/wp\/v2\/product_brand?post=1136"},{"taxonomy":"product_cat","embeddable":true,"href":"https:\/\/grassocereali.com\/es\/wp-json\/wp\/v2\/product_cat?post=1136"},{"taxonomy":"product_tag","embeddable":true,"href":"https:\/\/grassocereali.com\/es\/wp-json\/wp\/v2\/product_tag?post=1136"}],"curies":[{"name":"wp","href":"https:\/\/api.w.org\/{rel}","templated":true}]}}