{"id":1152,"date":"2025-12-17T11:21:54","date_gmt":"2025-12-17T11:21:54","guid":{"rendered":"https:\/\/grassocereali.com\/prodotto\/sin%20categor\u00eda\/distiller-di-frumento\/"},"modified":"2026-02-17T14:06:19","modified_gmt":"2026-02-17T14:06:19","slug":"destilado-de-trigo","status":"publish","type":"product","link":"https:\/\/grassocereali.com\/es\/prodotti\/subproductos-de-procesamiento\/destilado-de-trigo\/","title":{"rendered":"Destilado de trigo"},"content":{"rendered":"","protected":false},"excerpt":{"rendered":"<p>Rico en prote\u00ednas y residuos fermentativos, asegura una elevada disponibilidad energ\u00e9tica. Producto muy apreciado en las formulaciones zoot\u00e9cnicas modernas.<\/p>\n","protected":false},"featured_media":1153,"template":"","meta":{"inline_featured_image":false},"product_brand":[],"product_cat":[47],"product_tag":[],"class_list":{"0":"post-1152","1":"product","2":"type-product","3":"status-publish","4":"has-post-thumbnail","6":"product_cat-subproductos-de-procesamiento","8":"first","9":"outofstock","10":"shipping-taxable","11":"product-type-variable"},"yoast_head":"<!-- This site is optimized with the Yoast SEO plugin v27.4 - https:\/\/yoast.com\/product\/yoast-seo-wordpress\/ -->\n<title>Destilado de trigo - Grasso Cereali<\/title>\n<meta name=\"robots\" content=\"index, follow, max-snippet:-1, max-image-preview:large, max-video-preview:-1\" \/>\n<link rel=\"canonical\" href=\"https:\/\/grassocereali.com\/es\/prodotti\/subproductos-de-procesamiento\/destilado-de-trigo\/\" \/>\n<meta property=\"og:locale\" content=\"es_ES\" \/>\n<meta property=\"og:type\" content=\"article\" \/>\n<meta property=\"og:title\" content=\"Destilado de trigo - Grasso Cereali\" \/>\n<meta property=\"og:description\" content=\"Rico en prote\u00ednas y residuos fermentativos, asegura una elevada disponibilidad energ\u00e9tica. Producto muy apreciado en las formulaciones zoot\u00e9cnicas modernas.\" \/>\n<meta property=\"og:url\" content=\"https:\/\/grassocereali.com\/es\/prodotti\/subproductos-de-procesamiento\/destilado-de-trigo\/\" \/>\n<meta property=\"og:site_name\" content=\"Grasso Cereali\" \/>\n<meta property=\"article:modified_time\" content=\"2026-02-17T14:06:19+00:00\" \/>\n<meta property=\"og:image\" content=\"https:\/\/grassocereali.com\/wp-content\/uploads\/2025\/10\/farina-di-estrazione-di-colza-.jpeg\" \/>\n\t<meta property=\"og:image:width\" content=\"640\" \/>\n\t<meta property=\"og:image:height\" content=\"640\" \/>\n\t<meta property=\"og:image:type\" content=\"image\/jpeg\" \/>\n<meta name=\"twitter:card\" content=\"summary_large_image\" \/>\n<script type=\"application\/ld+json\" class=\"yoast-schema-graph\">{\"@context\":\"https:\\\/\\\/schema.org\",\"@graph\":[{\"@type\":\"WebPage\",\"@id\":\"https:\\\/\\\/grassocereali.com\\\/es\\\/prodotti\\\/subproductos-de-procesamiento\\\/destilado-de-trigo\\\/\",\"url\":\"https:\\\/\\\/grassocereali.com\\\/es\\\/prodotti\\\/subproductos-de-procesamiento\\\/destilado-de-trigo\\\/\",\"name\":\"Destilado de trigo - Grasso Cereali\",\"isPartOf\":{\"@id\":\"https:\\\/\\\/grassocereali.com\\\/#website\"},\"primaryImageOfPage\":{\"@id\":\"https:\\\/\\\/grassocereali.com\\\/es\\\/prodotti\\\/subproductos-de-procesamiento\\\/destilado-de-trigo\\\/#primaryimage\"},\"image\":{\"@id\":\"https:\\\/\\\/grassocereali.com\\\/es\\\/prodotti\\\/subproductos-de-procesamiento\\\/destilado-de-trigo\\\/#primaryimage\"},\"thumbnailUrl\":\"https:\\\/\\\/grassocereali.com\\\/wp-content\\\/uploads\\\/2025\\\/10\\\/farina-di-estrazione-di-colza-.jpeg\",\"datePublished\":\"2025-12-17T11:21:54+00:00\",\"dateModified\":\"2026-02-17T14:06:19+00:00\",\"breadcrumb\":{\"@id\":\"https:\\\/\\\/grassocereali.com\\\/es\\\/prodotti\\\/subproductos-de-procesamiento\\\/destilado-de-trigo\\\/#breadcrumb\"},\"inLanguage\":\"es\",\"potentialAction\":[{\"@type\":\"ReadAction\",\"target\":[\"https:\\\/\\\/grassocereali.com\\\/es\\\/prodotti\\\/subproductos-de-procesamiento\\\/destilado-de-trigo\\\/\"]}]},{\"@type\":\"ImageObject\",\"inLanguage\":\"es\",\"@id\":\"https:\\\/\\\/grassocereali.com\\\/es\\\/prodotti\\\/subproductos-de-procesamiento\\\/destilado-de-trigo\\\/#primaryimage\",\"url\":\"https:\\\/\\\/grassocereali.com\\\/wp-content\\\/uploads\\\/2025\\\/10\\\/farina-di-estrazione-di-colza-.jpeg\",\"contentUrl\":\"https:\\\/\\\/grassocereali.com\\\/wp-content\\\/uploads\\\/2025\\\/10\\\/farina-di-estrazione-di-colza-.jpeg\",\"width\":640,\"height\":640},{\"@type\":\"BreadcrumbList\",\"@id\":\"https:\\\/\\\/grassocereali.com\\\/es\\\/prodotti\\\/subproductos-de-procesamiento\\\/destilado-de-trigo\\\/#breadcrumb\",\"itemListElement\":[{\"@type\":\"ListItem\",\"position\":1,\"name\":\"Home\",\"item\":\"https:\\\/\\\/grassocereali.com\\\/es\\\/\"},{\"@type\":\"ListItem\",\"position\":2,\"name\":\"Prodotti\",\"item\":\"https:\\\/\\\/grassocereali.com\\\/prodotti\\\/\"},{\"@type\":\"ListItem\",\"position\":3,\"name\":\"Destilado de trigo\"}]},{\"@type\":\"WebSite\",\"@id\":\"https:\\\/\\\/grassocereali.com\\\/#website\",\"url\":\"https:\\\/\\\/grassocereali.com\\\/\",\"name\":\"Grasso Cereali\",\"description\":\"Dal 1932 materie prime di qualit\u00e0\",\"potentialAction\":[{\"@type\":\"SearchAction\",\"target\":{\"@type\":\"EntryPoint\",\"urlTemplate\":\"https:\\\/\\\/grassocereali.com\\\/?s={search_term_string}\"},\"query-input\":{\"@type\":\"PropertyValueSpecification\",\"valueRequired\":true,\"valueName\":\"search_term_string\"}}],\"inLanguage\":\"es\"}]}<\/script>\n<!-- \/ Yoast SEO plugin. -->","yoast_head_json":{"title":"Destilado de trigo - Grasso Cereali","robots":{"index":"index","follow":"follow","max-snippet":"max-snippet:-1","max-image-preview":"max-image-preview:large","max-video-preview":"max-video-preview:-1"},"canonical":"https:\/\/grassocereali.com\/es\/prodotti\/subproductos-de-procesamiento\/destilado-de-trigo\/","og_locale":"es_ES","og_type":"article","og_title":"Destilado de trigo - Grasso Cereali","og_description":"Rico en prote\u00ednas y residuos fermentativos, asegura una elevada disponibilidad energ\u00e9tica. Producto muy apreciado en las formulaciones zoot\u00e9cnicas modernas.","og_url":"https:\/\/grassocereali.com\/es\/prodotti\/subproductos-de-procesamiento\/destilado-de-trigo\/","og_site_name":"Grasso Cereali","article_modified_time":"2026-02-17T14:06:19+00:00","og_image":[{"width":640,"height":640,"url":"https:\/\/grassocereali.com\/wp-content\/uploads\/2025\/10\/farina-di-estrazione-di-colza-.jpeg","type":"image\/jpeg"}],"twitter_card":"summary_large_image","schema":{"@context":"https:\/\/schema.org","@graph":[{"@type":"WebPage","@id":"https:\/\/grassocereali.com\/es\/prodotti\/subproductos-de-procesamiento\/destilado-de-trigo\/","url":"https:\/\/grassocereali.com\/es\/prodotti\/subproductos-de-procesamiento\/destilado-de-trigo\/","name":"Destilado de trigo - Grasso Cereali","isPartOf":{"@id":"https:\/\/grassocereali.com\/#website"},"primaryImageOfPage":{"@id":"https:\/\/grassocereali.com\/es\/prodotti\/subproductos-de-procesamiento\/destilado-de-trigo\/#primaryimage"},"image":{"@id":"https:\/\/grassocereali.com\/es\/prodotti\/subproductos-de-procesamiento\/destilado-de-trigo\/#primaryimage"},"thumbnailUrl":"https:\/\/grassocereali.com\/wp-content\/uploads\/2025\/10\/farina-di-estrazione-di-colza-.jpeg","datePublished":"2025-12-17T11:21:54+00:00","dateModified":"2026-02-17T14:06:19+00:00","breadcrumb":{"@id":"https:\/\/grassocereali.com\/es\/prodotti\/subproductos-de-procesamiento\/destilado-de-trigo\/#breadcrumb"},"inLanguage":"es","potentialAction":[{"@type":"ReadAction","target":["https:\/\/grassocereali.com\/es\/prodotti\/subproductos-de-procesamiento\/destilado-de-trigo\/"]}]},{"@type":"ImageObject","inLanguage":"es","@id":"https:\/\/grassocereali.com\/es\/prodotti\/subproductos-de-procesamiento\/destilado-de-trigo\/#primaryimage","url":"https:\/\/grassocereali.com\/wp-content\/uploads\/2025\/10\/farina-di-estrazione-di-colza-.jpeg","contentUrl":"https:\/\/grassocereali.com\/wp-content\/uploads\/2025\/10\/farina-di-estrazione-di-colza-.jpeg","width":640,"height":640},{"@type":"BreadcrumbList","@id":"https:\/\/grassocereali.com\/es\/prodotti\/subproductos-de-procesamiento\/destilado-de-trigo\/#breadcrumb","itemListElement":[{"@type":"ListItem","position":1,"name":"Home","item":"https:\/\/grassocereali.com\/es\/"},{"@type":"ListItem","position":2,"name":"Prodotti","item":"https:\/\/grassocereali.com\/prodotti\/"},{"@type":"ListItem","position":3,"name":"Destilado de trigo"}]},{"@type":"WebSite","@id":"https:\/\/grassocereali.com\/#website","url":"https:\/\/grassocereali.com\/","name":"Grasso Cereali","description":"Dal 1932 materie prime di qualit\u00e0","potentialAction":[{"@type":"SearchAction","target":{"@type":"EntryPoint","urlTemplate":"https:\/\/grassocereali.com\/?s={search_term_string}"},"query-input":{"@type":"PropertyValueSpecification","valueRequired":true,"valueName":"search_term_string"}}],"inLanguage":"es"}]}},"_links":{"self":[{"href":"https:\/\/grassocereali.com\/es\/wp-json\/wp\/v2\/product\/1152","targetHints":{"allow":["GET"]}}],"collection":[{"href":"https:\/\/grassocereali.com\/es\/wp-json\/wp\/v2\/product"}],"about":[{"href":"https:\/\/grassocereali.com\/es\/wp-json\/wp\/v2\/types\/product"}],"wp:featuredmedia":[{"embeddable":true,"href":"https:\/\/grassocereali.com\/es\/wp-json\/wp\/v2\/media\/1153"}],"wp:attachment":[{"href":"https:\/\/grassocereali.com\/es\/wp-json\/wp\/v2\/media?parent=1152"}],"wp:term":[{"taxonomy":"product_brand","embeddable":true,"href":"https:\/\/grassocereali.com\/es\/wp-json\/wp\/v2\/product_brand?post=1152"},{"taxonomy":"product_cat","embeddable":true,"href":"https:\/\/grassocereali.com\/es\/wp-json\/wp\/v2\/product_cat?post=1152"},{"taxonomy":"product_tag","embeddable":true,"href":"https:\/\/grassocereali.com\/es\/wp-json\/wp\/v2\/product_tag?post=1152"}],"curies":[{"name":"wp","href":"https:\/\/api.w.org\/{rel}","templated":true}]}}